{"id":102,"date":"2018-01-02T14:29:54","date_gmt":"2018-01-02T14:29:54","guid":{"rendered":"http:\/\/lamaisonauboisdebout.xyz\/home\/?page_id=102"},"modified":"2023-03-07T18:58:03","modified_gmt":"2023-03-07T18:58:03","slug":"itineraire-et-acces","status":"publish","type":"page","link":"https:\/\/lamaisonauboisdebout.xyz\/home\/itineraire-et-acces\/","title":{"rendered":"Itin\u00e9raire et acc\u00e8s"},"content":{"rendered":"\t\t<div data-elementor-type=\"wp-page\" data-elementor-id=\"102\" class=\"elementor elementor-102 elementor-bc-flex-widget\">\n\t\t\t\t\t\t<div class=\"elementor-inner\">\n\t\t\t\t<div class=\"elementor-section-wrap\">\n\t\t\t\t\t\t\t\t\t<section class=\"elementor-section elementor-top-section elementor-element elementor-element-ea06ba5 elementor-section-boxed elementor-section-height-default elementor-section-height-default\" data-id=\"ea06ba5\" data-element_type=\"section\">\n\t\t\t\t\t\t<div class=\"elementor-container elementor-column-gap-default\">\n\t\t\t\t\t\t\t<div class=\"elementor-row\">\n\t\t\t\t\t<div class=\"elementor-column elementor-col-100 elementor-top-column elementor-element elementor-element-30b267e5\" data-id=\"30b267e5\" data-element_type=\"column\">\n\t\t\t<div class=\"elementor-column-wrap elementor-element-populated\">\n\t\t\t\t\t\t\t<div class=\"elementor-widget-wrap\">\n\t\t\t\t\t\t<div class=\"elementor-element elementor-element-69e30f37 elementor-widget elementor-widget-text-editor\" data-id=\"69e30f37\" data-element_type=\"widget\" data-widget_type=\"text-editor.default\">\n\t\t\t\t<div class=\"elementor-widget-container\">\n\t\t\t\t\t\t\t\t<div class=\"elementor-text-editor elementor-clearfix\">\n\t\t\t\t<p><span style=\"font-family: 'Times New Roman', serif;\"><span style=\"font-size: medium;\"><u><b>Acc\u00e8s des voyageurs<\/b><\/u><\/span><\/span><\/p><p><span style=\"font-family: 'Times New Roman', serif;\"><span style=\"font-size: medium;\">Les plages du Lac de Serre Pon\u00e7on \u00e0 2km, la petite ville d&#8217;Embrun et sa cath\u00e9drale remarquable, \u00e0 4 km. La Durance, poissonneuse, o\u00f9 cano\u00ebs et kayaks, ou hydrospeed, vous laisseront des souvenirs m\u00e9morables &#8230;.. Les Stations de montagne (ski l&#8217;hiver, VTT et autres activit\u00e9s l&#8217;\u00e9t\u00e9) : Les Orres (20mn), R\u00e9allon (20 mn), Cr\u00e9voux (25 mn), Risoul (35 mn), Vars (40 mn), et d\u2019autres tout aussi r\u00e9put\u00e9es bien qu\u2019un peu plus \u00e9loign\u00e9es, mais la meilleure: La Grave &#8211; La Meije (3600 m alt.) a 1:15 h de voiture. Le Parc National des \u00c9crins, juste de l&#8217;autre c\u00f4t\u00e9 de la vall\u00e9e, et bien d&#8217;autres sites et\/ou centres d&#8217;int\u00e9r\u00eats \u00e0 d\u00e9couvrir, (les grands rapaces, les herbivores de nos montagnes et for\u00eats, et plus encore, dont nous ne pouvons parler ici, au risque de f\u00e2cher quelques personnes) que nous saurons vous conseiller, selon vos envies : que de plaisirs !!!!!<\/span><\/span><\/p>\t\t\t\t\t<\/div>\n\t\t\t\t\t\t<\/div>\n\t\t\t\t<\/div>\n\t\t\t\t<div class=\"elementor-element elementor-element-e12c4b4 elementor-invisible elementor-widget elementor-widget-google_maps\" data-id=\"e12c4b4\" data-element_type=\"widget\" data-settings=\"{&quot;_animation&quot;:&quot;fadeInDown&quot;}\" data-widget_type=\"google_maps.default\">\n\t\t\t\t<div class=\"elementor-widget-container\">\n\t\t\t\t\t<div class=\"elementor-custom-embed\">\n\t\t\t<iframe loading=\"lazy\"\n\t\t\t\t\tsrc=\"https:\/\/maps.google.com\/maps?q=le%20poet%20crots&#038;t=m&#038;z=14&#038;output=embed&#038;iwloc=near\"\n\t\t\t\t\ttitle=\"le poet crots\"\n\t\t\t\t\taria-label=\"le poet crots\"\n\t\t\t><\/iframe>\n\t\t<\/div>\n\t\t\t\t<\/div>\n\t\t\t\t<\/div>\n\t\t\t\t<div class=\"elementor-element elementor-element-b463201 elementor-widget elementor-widget-text-editor\" data-id=\"b463201\" data-element_type=\"widget\" data-widget_type=\"text-editor.default\">\n\t\t\t\t<div class=\"elementor-widget-container\">\n\t\t\t\t\t\t\t\t<div class=\"elementor-text-editor elementor-clearfix\">\n\t\t\t\t<p><span style=\"font-family: 'DejaVu Sans', serif;\"><span style=\"font-size: medium;\">A partir de la Mairie, lorsqu\u2019elle est situ\u00e9e \u00e0 gauche : <\/span><\/span><\/p><p><span style=\"font-family: 'DejaVu Sans', serif;\"><span style=\"font-size: medium;\">1. Prendre la direction sud sur Avenue du Ch\u00e2teau\/D90 vers Chemin des Aires : 110 m<\/span><\/span><\/p><p><span style=\"font-family: 'DejaVu Sans', serif;\"><span style=\"font-size: medium;\">2. Prendre \u00e0 gauche sur \u00ab Chemin des Osselins \u00bb et rester sur cette m\u00eame route pendant 1,5 Km jusqu\u2019\u00e0 300 m avant le hameau \u00ab Le Po\u00ebt \u00bb : prendre \u00e0 gauche le petit chemin de terre (plusieurs maisons r\u00e9centes), premi\u00e8re maison \u00e0 droite : vous \u00eates arriv\u00e9.<\/span><\/span><\/p><p><span style=\"font-family: 'DejaVu Sans', serif;\"><span style=\"font-size: medium;\">Coordonn\u00e9es GPS : Latitude : 44.5325327876122 (44\u00b031\u201957.118) &#8211; Longitude : 6.480753421783447 (06\u00b028\u201950.712)<\/span><\/span><\/p>\t\t\t\t\t<\/div>\n\t\t\t\t\t\t<\/div>\n\t\t\t\t<\/div>\n\t\t\t\t\t\t<\/div>\n\t\t\t\t\t<\/div>\n\t\t<\/div>\n\t\t\t\t\t\t\t\t<\/div>\n\t\t\t\t\t<\/div>\n\t\t<\/section>\n\t\t\t\t\t\t\t\t\t<\/div>\n\t\t\t<\/div>\n\t\t\t\t\t<\/div>\n\t\t","protected":false},"excerpt":{"rendered":"<p>Acc\u00e8s des voyageurs Les plages du Lac de Serre Pon\u00e7on \u00e0 2km, la petite ville d&#8217;Embrun et sa cath\u00e9drale remarquable, \u00e0 4 km. La Durance, poissonneuse, o\u00f9 cano\u00ebs et kayaks, ou hydrospeed, vous laisseront des souvenirs m\u00e9morables &#8230;.. Les Stations de montagne (ski l&#8217;hiver, VTT et autres activit\u00e9s l&#8217;\u00e9t\u00e9) : Les Orres (20mn), R\u00e9allon (20 [&hellip;]<\/p>\n","protected":false},"author":1,"featured_media":0,"parent":0,"menu_order":0,"comment_status":"closed","ping_status":"closed","template":"","meta":[],"_links":{"self":[{"href":"https:\/\/lamaisonauboisdebout.xyz\/home\/wp-json\/wp\/v2\/pages\/102"}],"collection":[{"href":"https:\/\/lamaisonauboisdebout.xyz\/home\/wp-json\/wp\/v2\/pages"}],"about":[{"href":"https:\/\/lamaisonauboisdebout.xyz\/home\/wp-json\/wp\/v2\/types\/page"}],"author":[{"embeddable":true,"href":"https:\/\/lamaisonauboisdebout.xyz\/home\/wp-json\/wp\/v2\/users\/1"}],"replies":[{"embeddable":true,"href":"https:\/\/lamaisonauboisdebout.xyz\/home\/wp-json\/wp\/v2\/comments?post=102"}],"version-history":[{"count":3,"href":"https:\/\/lamaisonauboisdebout.xyz\/home\/wp-json\/wp\/v2\/pages\/102\/revisions"}],"predecessor-version":[{"id":145,"href":"https:\/\/lamaisonauboisdebout.xyz\/home\/wp-json\/wp\/v2\/pages\/102\/revisions\/145"}],"wp:attachment":[{"href":"https:\/\/lamaisonauboisdebout.xyz\/home\/wp-json\/wp\/v2\/media?parent=102"}],"curies":[{"name":"wp","href":"https:\/\/api.w.org\/{rel}","templated":true}]}}