{"id":14,"date":"2018-01-02T11:06:53","date_gmt":"2018-01-02T11:06:53","guid":{"rendered":"http:\/\/lamaisonauboisdebout.xyz\/home\/?page_id=14"},"modified":"2023-03-07T19:05:30","modified_gmt":"2023-03-07T19:05:30","slug":"bienvenue","status":"publish","type":"page","link":"https:\/\/lamaisonauboisdebout.xyz\/home\/","title":{"rendered":"Bienvenue"},"content":{"rendered":"\t\t<div data-elementor-type=\"wp-post\" data-elementor-id=\"14\" class=\"elementor elementor-14 elementor-bc-flex-widget\">\n\t\t\t\t\t\t<div class=\"elementor-inner\">\n\t\t\t\t<div class=\"elementor-section-wrap\">\n\t\t\t\t\t\t\t\t\t<section class=\"elementor-section elementor-top-section elementor-element elementor-element-68856bbd elementor-section-boxed elementor-section-height-default elementor-section-height-default\" data-id=\"68856bbd\" data-element_type=\"section\">\n\t\t\t\t\t\t<div class=\"elementor-container elementor-column-gap-default\">\n\t\t\t\t\t\t\t<div class=\"elementor-row\">\n\t\t\t\t\t<div class=\"elementor-column elementor-col-100 elementor-top-column elementor-element elementor-element-71f99a14\" data-id=\"71f99a14\" data-element_type=\"column\">\n\t\t\t<div class=\"elementor-column-wrap elementor-element-populated\">\n\t\t\t\t\t\t\t<div class=\"elementor-widget-wrap\">\n\t\t\t\t\t\t<div class=\"elementor-element elementor-element-2efc260 elementor-widget elementor-widget-text-editor\" data-id=\"2efc260\" data-element_type=\"widget\" data-widget_type=\"text-editor.default\">\n\t\t\t\t<div class=\"elementor-widget-container\">\n\t\t\t\t\t\t\t\t<div class=\"elementor-text-editor elementor-clearfix\">\n\t\t\t\t<p><span style=\"font-size: medium;\">Le bois de nos for\u00eats de montagne prodigue \u00e0 notre maison une ambiance tr\u00e8s chaleureuse. <\/span><\/p><p><span style=\"font-size: medium;\">Au pied des montagnes, en balcon au-dessus du plan d&#8217;eau du barrage de Serre-Pon\u00e7on, sans pour autant \u00eatre perdu au milieu de nulle part&#8230;. et le plus souvent dans un des meilleurs climats de France : jusqu&#8217;\u00e0 pr\u00e9sent plus de 300 jours de soleil par an &#8230;&#8230; <\/span><\/p><p><span style=\"font-size: medium;\">Aussi bien \u00e9quip\u00e9 \u00ab\u00a0qu&#8217;\u00e0 la maison\u00a0\u00bb, et peut-\u00eatre m\u00eame un peu plus, optimis\u00e9 pour accueillir dans de bonnes conditions 8 personnes.<\/span><\/p><p><span style=\"font-size: medium;\">Au rez de chauss\u00e9e\u00a0: cuisine parfaitement \u00e9quip\u00e9e, coin repas, coin salon, jardin et terrasse avec cabine sauna privatifs, garage ferm\u00e9, parking pour 3 \u00e0 4 v\u00e9hicules de taille moyenne.<\/span><\/p><p><span style=\"font-size: medium;\">\u00c0 l\u2019\u00e9tage\u00a0: 2 chambres doubles (lits 140 x 190 cm). Si vous s\u00e9journez avec b\u00e9b\u00e9, ou un enfant en bas \u00e2ge, nous vous fournirons le couchage &#8216;qui va bien&#8217;, une salle de bain + 1 WC + \u00ab\u00a0la chambre des 4 cabanes\u00a0\u00bb pour le couchage de 3 ou 4 enfants, mais les adultes y sont aussi les bienvenus, pour retomber en enfance \u2026.<\/span><\/p><p><span style=\"font-size: medium;\">Printemps, \u00e9t\u00e9, automne : lac du Barrage Serre-Pon\u00e7on, rivi\u00e8re La Durance, des Km de chemins de randonn\u00e9e \u00e0 pied, VTT, \u00e9questres, etc. &#8230;, sites naturels et culturels, architecturaux, cultuels, la Via-Alta, (www.via-alta.com), Sports a\u00e9riens \u00e0 moins de 40 mn, <\/span><\/p><p><span style=\"font-size: medium;\">Ah!!! nous allions oublier &#8230;.. vous pourrez aussi ne rien faire &#8230;.. seulement profiter du temps qui passe dans un \u00ab\u00a0bel Ecrin\u00a0\u00bb &#8230;.<\/span><\/p><p><span style=\"font-size: medium;\">Que du plaisir !!!!!<\/span><\/p><p><span style=\"font-size: medium;\">Nous avons \u00e0 c\u0153ur de proposer un havre de tranquillit\u00e9 \u00e0 nos visiteurs, dans une &#8216;maison en bois debout (ossature bois) et &#8216;de bout&#8217;, la &#8216;d\u00e9co&#8217; en t\u00e9moigne, nous avons mis beaucoup de soin \u00e0 construire cette maison \u00e0 \u00e9nergie positive. Habitant de l&#8217;autre c\u00f4t\u00e9 du chemin, nous pouvons, \u00e0 l&#8217;occasion vous &#8216;aiguiller&#8217; vers les bonnes id\u00e9es, quelles que soient les saisons&#8230;&#8230;..<\/span><\/p>\t\t\t\t\t<\/div>\n\t\t\t\t\t\t<\/div>\n\t\t\t\t<\/div>\n\t\t\t\t<div class=\"elementor-element elementor-element-e4cfd30 elementor-widget-divider--view-line elementor-invisible elementor-widget elementor-widget-divider\" data-id=\"e4cfd30\" data-element_type=\"widget\" data-settings=\"{&quot;_animation&quot;:&quot;fadeInUp&quot;}\" data-widget_type=\"divider.default\">\n\t\t\t\t<div class=\"elementor-widget-container\">\n\t\t\t\t\t<div class=\"elementor-divider\">\n\t\t\t<span class=\"elementor-divider-separator\">\n\t\t\t\t\t\t<\/span>\n\t\t<\/div>\n\t\t\t\t<\/div>\n\t\t\t\t<\/div>\n\t\t\t\t<section class=\"elementor-section elementor-inner-section elementor-element elementor-element-e540fb3 elementor-section-boxed elementor-section-height-default elementor-section-height-default\" data-id=\"e540fb3\" data-element_type=\"section\">\n\t\t\t\t\t\t<div class=\"elementor-container elementor-column-gap-default\">\n\t\t\t\t\t\t\t<div class=\"elementor-row\">\n\t\t\t\t\t<div class=\"elementor-column elementor-col-50 elementor-inner-column elementor-element elementor-element-2c20622\" data-id=\"2c20622\" data-element_type=\"column\">\n\t\t\t<div class=\"elementor-column-wrap elementor-element-populated\">\n\t\t\t\t\t\t\t<div class=\"elementor-widget-wrap\">\n\t\t\t\t\t\t<div class=\"elementor-element elementor-element-3ca9a2b elementor-widget elementor-widget-image\" data-id=\"3ca9a2b\" data-element_type=\"widget\" data-widget_type=\"image.default\">\n\t\t\t\t<div class=\"elementor-widget-container\">\n\t\t\t\t\t\t\t\t<div class=\"elementor-image\">\n\t\t\t\t\t\t\t\t\t\t\t\t\t<a href=\"http:\/\/lamaisonauboisdebout.xyz\/home\/ii-lappartement-leronds\/\">\n\t\t\t\t\t\t\t<img width=\"300\" height=\"225\" src=\"https:\/\/lamaisonauboisdebout.xyz\/home\/wp-content\/uploads\/2018\/01\/tesl\u00e9ronds-300x225.png\" class=\"elementor-animation-shrink attachment-medium size-medium wp-image-140\" alt=\"\" loading=\"lazy\" srcset=\"https:\/\/lamaisonauboisdebout.xyz\/home\/wp-content\/uploads\/2018\/01\/tesl\u00e9ronds-300x225.png 300w, https:\/\/lamaisonauboisdebout.xyz\/home\/wp-content\/uploads\/2018\/01\/tesl\u00e9ronds-768x576.png 768w, https:\/\/lamaisonauboisdebout.xyz\/home\/wp-content\/uploads\/2018\/01\/tesl\u00e9ronds-1024x768.png 1024w\" sizes=\"(max-width: 300px) 100vw, 300px\" \/>\t\t\t\t\t\t\t\t<\/a>\n\t\t\t\t\t\t\t\t\t\t\t\t\t\t<\/div>\n\t\t\t\t\t\t<\/div>\n\t\t\t\t<\/div>\n\t\t\t\t\t\t<\/div>\n\t\t\t\t\t<\/div>\n\t\t<\/div>\n\t\t\t\t<div class=\"elementor-column elementor-col-50 elementor-inner-column elementor-element elementor-element-8966827\" data-id=\"8966827\" data-element_type=\"column\">\n\t\t\t<div class=\"elementor-column-wrap\">\n\t\t\t\t\t\t\t<div class=\"elementor-widget-wrap\">\n\t\t\t\t\t\t\t\t<\/div>\n\t\t\t\t\t<\/div>\n\t\t<\/div>\n\t\t\t\t\t\t\t\t<\/div>\n\t\t\t\t\t<\/div>\n\t\t<\/section>\n\t\t\t\t<div class=\"elementor-element elementor-element-318cf59 elementor-arrows-position-inside elementor-pagination-position-outside elementor-widget elementor-widget-image-carousel\" data-id=\"318cf59\" data-element_type=\"widget\" data-settings=\"{&quot;navigation&quot;:&quot;both&quot;,&quot;autoplay&quot;:&quot;yes&quot;,&quot;pause_on_hover&quot;:&quot;yes&quot;,&quot;pause_on_interaction&quot;:&quot;yes&quot;,&quot;autoplay_speed&quot;:5000,&quot;infinite&quot;:&quot;yes&quot;,&quot;speed&quot;:500}\" data-widget_type=\"image-carousel.default\">\n\t\t\t\t<div class=\"elementor-widget-container\">\n\t\t\t\t\t<div class=\"elementor-image-carousel-wrapper swiper-container\" dir=\"ltr\">\n\t\t\t<div class=\"elementor-image-carousel swiper-wrapper\">\n\t\t\t\t\t\t\t\t<div class=\"swiper-slide\"><figure class=\"swiper-slide-inner\"><img class=\"swiper-slide-image\" src=\"https:\/\/lamaisonauboisdebout.xyz\/home\/wp-content\/uploads\/2018\/01\/DSCF9851-1024x768.jpg\" alt=\"DSCF9851\" \/><\/figure><\/div><div class=\"swiper-slide\"><figure class=\"swiper-slide-inner\"><img class=\"swiper-slide-image\" src=\"https:\/\/lamaisonauboisdebout.xyz\/home\/wp-content\/uploads\/2018\/01\/IMG_5089-1024x768.jpg\" alt=\"IMG_5089\" \/><\/figure><\/div><div class=\"swiper-slide\"><figure class=\"swiper-slide-inner\"><img class=\"swiper-slide-image\" src=\"https:\/\/lamaisonauboisdebout.xyz\/home\/wp-content\/uploads\/2018\/01\/DSCF9852-1024x768.jpg\" alt=\"DSCF9852\" \/><\/figure><\/div><div class=\"swiper-slide\"><figure class=\"swiper-slide-inner\"><img class=\"swiper-slide-image\" src=\"https:\/\/lamaisonauboisdebout.xyz\/home\/wp-content\/uploads\/2018\/01\/DSCF9840-1024x768.jpg\" alt=\"DSCF9840\" \/><\/figure><\/div><div class=\"swiper-slide\"><figure class=\"swiper-slide-inner\"><img class=\"swiper-slide-image\" src=\"https:\/\/lamaisonauboisdebout.xyz\/home\/wp-content\/uploads\/2018\/01\/DSCF3004-1024x768.jpg\" alt=\"DSCF3004\" \/><\/figure><\/div>\t\t\t<\/div>\n\t\t\t\t\t\t\t\t\t\t\t\t<div class=\"swiper-pagination\"><\/div>\n\t\t\t\t\t\t\t\t\t\t\t\t\t<div class=\"elementor-swiper-button elementor-swiper-button-prev\">\n\t\t\t\t\t\t<i aria-hidden=\"true\" class=\"eicon-chevron-left\"><\/i>\t\t\t\t\t\t<span class=\"elementor-screen-only\">Pr\u00e9c\u00e9dent<\/span>\n\t\t\t\t\t<\/div>\n\t\t\t\t\t<div class=\"elementor-swiper-button elementor-swiper-button-next\">\n\t\t\t\t\t\t<i aria-hidden=\"true\" class=\"eicon-chevron-right\"><\/i>\t\t\t\t\t\t<span class=\"elementor-screen-only\">Suivant<\/span>\n\t\t\t\t\t<\/div>\n\t\t\t\t\t\t\t\t\t<\/div>\n\t\t\t\t<\/div>\n\t\t\t\t<\/div>\n\t\t\t\t\t\t<\/div>\n\t\t\t\t\t<\/div>\n\t\t<\/div>\n\t\t\t\t\t\t\t\t<\/div>\n\t\t\t\t\t<\/div>\n\t\t<\/section>\n\t\t\t\t\t\t\t\t\t<\/div>\n\t\t\t<\/div>\n\t\t\t\t\t<\/div>\n\t\t","protected":false},"excerpt":{"rendered":"<p>Le bois de nos for\u00eats de montagne prodigue \u00e0 notre maison une ambiance tr\u00e8s chaleureuse. Au pied des montagnes, en balcon au-dessus du plan d&#8217;eau du barrage de Serre-Pon\u00e7on, sans pour autant \u00eatre perdu au milieu de nulle part&#8230;. et le plus souvent dans un des meilleurs climats de France : jusqu&#8217;\u00e0 pr\u00e9sent plus de [&hellip;]<\/p>\n","protected":false},"author":1,"featured_media":0,"parent":0,"menu_order":0,"comment_status":"closed","ping_status":"closed","template":"","meta":[],"_links":{"self":[{"href":"https:\/\/lamaisonauboisdebout.xyz\/home\/wp-json\/wp\/v2\/pages\/14"}],"collection":[{"href":"https:\/\/lamaisonauboisdebout.xyz\/home\/wp-json\/wp\/v2\/pages"}],"about":[{"href":"https:\/\/lamaisonauboisdebout.xyz\/home\/wp-json\/wp\/v2\/types\/page"}],"author":[{"embeddable":true,"href":"https:\/\/lamaisonauboisdebout.xyz\/home\/wp-json\/wp\/v2\/users\/1"}],"replies":[{"embeddable":true,"href":"https:\/\/lamaisonauboisdebout.xyz\/home\/wp-json\/wp\/v2\/comments?post=14"}],"version-history":[{"count":9,"href":"https:\/\/lamaisonauboisdebout.xyz\/home\/wp-json\/wp\/v2\/pages\/14\/revisions"}],"predecessor-version":[{"id":204,"href":"https:\/\/lamaisonauboisdebout.xyz\/home\/wp-json\/wp\/v2\/pages\/14\/revisions\/204"}],"wp:attachment":[{"href":"https:\/\/lamaisonauboisdebout.xyz\/home\/wp-json\/wp\/v2\/media?parent=14"}],"curies":[{"name":"wp","href":"https:\/\/api.w.org\/{rel}","templated":true}]}}